{"id":1424,"date":"2023-02-09T11:10:53","date_gmt":"2023-02-09T10:10:53","guid":{"rendered":"https:\/\/ybstartup.com\/?page_id=1424"},"modified":"2023-02-11T08:36:37","modified_gmt":"2023-02-11T07:36:37","slug":"mentions-legales","status":"publish","type":"page","link":"https:\/\/ybstartup.com\/fr\/mentions-legales\/","title":{"rendered":"Mentions l\u00e9gales"},"content":{"rendered":"<p>[et_pb_section fb_built=\u00a0\u00bb1&Prime; admin_label=\u00a0\u00bbHeader\u00a0\u00bb _builder_version=\u00a0\u00bb4.17.6&Prime; _module_preset=\u00a0\u00bbdefault\u00a0\u00bb background_color=\u00a0\u00bb#0C3D52&Prime; background_enable_image=\u00a0\u00bboff\u00a0\u00bb background_position=\u00a0\u00bbbottom_center\u00a0\u00bb custom_padding=\u00a0\u00bb||8vw||false|false\u00a0\u00bb global_colors_info=\u00a0\u00bb{}\u00a0\u00bb][et_pb_row use_custom_gutter=\u00a0\u00bbon\u00a0\u00bb gutter_width=\u00a0\u00bb1&Prime; make_equal=\u00a0\u00bbon\u00a0\u00bb _builder_version=\u00a0\u00bb4.19.4&Prime; _module_preset=\u00a0\u00bbdefault\u00a0\u00bb background_color=\u00a0\u00bb#0C3D52&Prime; custom_padding=\u00a0\u00bb0px||0px||true|false\u00a0\u00bb border_color_all=\u00a0\u00bb#FFFFFF\u00a0\u00bb locked=\u00a0\u00bboff\u00a0\u00bb global_colors_info=\u00a0\u00bb{}\u00a0\u00bb][et_pb_column type=\u00a0\u00bb4_4&Prime; _builder_version=\u00a0\u00bb4.17.6&Prime; _module_preset=\u00a0\u00bbdefault\u00a0\u00bb z_index=\u00a0\u00bb32&Prime; custom_padding=\u00a0\u00bb20%|60px|160px|60px|false|true\u00a0\u00bb custom_padding_tablet=\u00a0\u00bb50px|30px||30px|false|true\u00a0\u00bb custom_padding_phone=\u00a0\u00bb|20px||20px|false|true\u00a0\u00bb custom_padding_last_edited=\u00a0\u00bbon|phone\u00a0\u00bb global_colors_info=\u00a0\u00bb{}\u00a0\u00bb][et_pb_text _builder_version=\u00a0\u00bb4.19.4&Prime; _module_preset=\u00a0\u00bbe864d11f-3dab-4fa3-ac06-4f0e1a260807&Prime; text_font=\u00a0\u00bbMontserrat||||||||\u00a0\u00bb header_font=\u00a0\u00bbMontserrat Alternates|600|||||||\u00a0\u00bb header_text_color=\u00a0\u00bb#FFFFFF\u00a0\u00bb header_font_size=\u00a0\u00bb63px\u00a0\u00bb header_2_font=\u00a0\u00bbMontserrat|500|||||||\u00a0\u00bb header_2_text_color=\u00a0\u00bb#FFFFFF\u00a0\u00bb header_2_font_size=\u00a0\u00bb75px\u00a0\u00bb custom_margin=\u00a0\u00bb-70px|-265px|30px||false|false\u00a0\u00bb header_font_size_tablet=\u00a0\u00bb40px\u00a0\u00bb header_font_size_phone=\u00a0\u00bb24px\u00a0\u00bb header_font_size_last_edited=\u00a0\u00bbon|desktop\u00a0\u00bb global_colors_info=\u00a0\u00bb{}\u00a0\u00bb]<\/p>\n<h1>Mentions l\u00e9gales<\/h1>\n<p>[\/et_pb_text][et_pb_divider color=\u00a0\u00bb#FFFFFF\u00a0\u00bb _builder_version=\u00a0\u00bb4.19.4&Prime; _module_preset=\u00a0\u00bbdefault\u00a0\u00bb global_colors_info=\u00a0\u00bb{}\u00a0\u00bb][\/et_pb_divider][et_pb_text _builder_version=\u00a0\u00bb4.19.4&Prime; _module_preset=\u00a0\u00bb0bd9fec6-ac32-486c-934f-18d282fbdfb4&Prime; text_font=\u00a0\u00bbMontserrat|500|||||||\u00a0\u00bb text_text_color=\u00a0\u00bb#FFFFFF\u00a0\u00bb text_line_height=\u00a0\u00bb1.5em\u00a0\u00bb width=\u00a0\u00bb75%\u00a0\u00bb custom_margin=\u00a0\u00bb35px||||false|false\u00a0\u00bb global_colors_info=\u00a0\u00bb{}\u00a0\u00bb]<\/p>\n<p>Repr\u00e9sentant l\u00e9gal : YB Startup<\/p>\n<p>Raison sociale : YB Startup SA<\/p>\n<p>Adresse si\u00e8ge :<br \/>c\/o RSM Switzerland AG<br \/>Boulevard du Pont-d&rsquo;Arve 28<br \/>1205 Gen\u00e8ve<br \/>SUISSE<\/p>\n<p>Forme juridique : SA<br \/>Capital social : 100 000 CHF<br \/>Numero RC : CHE-131.101.318<\/p>\n<p>&nbsp;<\/p>\n<p>[\/et_pb_text][et_pb_text _builder_version=\u00a0\u00bb4.19.4&Prime; _module_preset=\u00a0\u00bb0bd9fec6-ac32-486c-934f-18d282fbdfb4&Prime; text_font=\u00a0\u00bbMontserrat|500|||||||\u00a0\u00bb text_text_color=\u00a0\u00bb#FFFFFF\u00a0\u00bb text_line_height=\u00a0\u00bb1.5em\u00a0\u00bb width=\u00a0\u00bb75%\u00a0\u00bb custom_margin=\u00a0\u00bb35px||||false|false\u00a0\u00bb global_colors_info=\u00a0\u00bb{}\u00a0\u00bb]<\/p>\n<p>Pour toute question, vous pouvez nous contacter via :<\/p>\n<p>Adresse si\u00e8ge : c\/o RSM Switzerland AG<br \/>Boulevard du Pont-d&rsquo;Arve 28<br \/>1205 Gen\u00e8ve<br \/>SUISSE<\/p>\n<p>Email : contact@ybstartup.com<\/p>\n<p>[\/et_pb_text][et_pb_text _builder_version=\u00a0\u00bb4.19.4&Prime; _module_preset=\u00a0\u00bb0bd9fec6-ac32-486c-934f-18d282fbdfb4&Prime; text_font=\u00a0\u00bbMontserrat|500|||||||\u00a0\u00bb text_text_color=\u00a0\u00bb#FFFFFF\u00a0\u00bb text_line_height=\u00a0\u00bb1.5em\u00a0\u00bb width=\u00a0\u00bb75%\u00a0\u00bb custom_margin=\u00a0\u00bb35px||||false|false\u00a0\u00bb global_colors_info=\u00a0\u00bb{}\u00a0\u00bb]Le site Internet est d\u00e9velopp\u00e9 par :<br \/>\nHolding YB<br \/>\n5 Avenue du Pr\u00e9-F\u00e9lin<br \/>\n74940 ANNECY LE VIEUX[\/et_pb_text][et_pb_text _builder_version=\u00a0\u00bb4.19.4&Prime; _module_preset=\u00a0\u00bb0bd9fec6-ac32-486c-934f-18d282fbdfb4&Prime; text_font=\u00a0\u00bbMontserrat|500|||||||\u00a0\u00bb text_text_color=\u00a0\u00bb#FFFFFF\u00a0\u00bb text_line_height=\u00a0\u00bb1.5em\u00a0\u00bb width=\u00a0\u00bb75%\u00a0\u00bb custom_margin=\u00a0\u00bb35px||||false|false\u00a0\u00bb global_colors_info=\u00a0\u00bb{}\u00a0\u00bb]<\/p>\n<p>Le site Internet est h\u00e9berg\u00e9 par :<br \/>EVXONLINE<br \/>3 rue de Franche Comt\u00e9<br \/>CS 50311<br \/>50103 Cherbourg<\/p>\n<p>[\/et_pb_text][et_pb_text _builder_version=\u00a0\u00bb4.19.4&Prime; _module_preset=\u00a0\u00bb0bd9fec6-ac32-486c-934f-18d282fbdfb4&Prime; text_font=\u00a0\u00bbMontserrat|500|||||||\u00a0\u00bb text_text_color=\u00a0\u00bb#FFFFFF\u00a0\u00bb text_line_height=\u00a0\u00bb1.5em\u00a0\u00bb width=\u00a0\u00bb75%\u00a0\u00bb custom_margin=\u00a0\u00bb35px||||false|false\u00a0\u00bb hover_enabled=\u00a0\u00bb0&Prime; global_colors_info=\u00a0\u00bb{}\u00a0\u00bb sticky_enabled=\u00a0\u00bb0&Prime;]<strong>Informations<\/strong><\/p>\n<p>Toutes les donn\u00e9es incluses dans ce site (textes, photographies, illustrations, ic\u00f4nes, animations, bases de donn\u00e9es, etc&#8230;) sont la propri\u00e9t\u00e9 exclusive de la soci\u00e9t\u00e9\u00a0<strong>YB Startup <\/strong>ou font l&rsquo;objet d&rsquo;une autorisation sp\u00e9cifique d&rsquo;utilisation pour la soci\u00e9t\u00e9\u00a0<strong>YB Startup. <\/strong>Les informations sur les services et leurs caract\u00e9ristiques correspondent \u00e0 une d\u00e9finition au moment de la mise en ligne ou des mises \u00e0 jour des diff\u00e9rentes pages du site ; elles ne sont donn\u00e9es qu&rsquo;\u00e0 titre indicatif et ne peuvent \u00eatre consid\u00e9r\u00e9es comme contractuelles.<br \/>\nLa soci\u00e9t\u00e9\u00a0<strong>YB Startup<\/strong>\u00a0se r\u00e9serve le droit de modifier sans pr\u00e9avis les informations pr\u00e9sent\u00e9es, sans \u00eatre tenu de mettre \u00e0 jour ce document. Si, malgr\u00e9 le soin apport\u00e9 dans la r\u00e9alisation de ce site Internet, vous pensez qu&rsquo;il comporte une erreur, n&rsquo;h\u00e9sitez pas \u00e0 nous contacter<br \/>\nEn acc\u00e9dant au site de\u00a0<strong>YB Startup<\/strong>, vous acceptez de vous conformer au code fran\u00e7ais de la propri\u00e9t\u00e9 intellectuelle et plus g\u00e9n\u00e9ralement aux trait\u00e9s et accords internationaux comportant des dispositions relatives \u00e0 la protection des droits d&rsquo;auteur. C&rsquo;est ainsi que vous vous interdisez de : t\u00e9l\u00e9charger, reproduire int\u00e9gralement ou partiellement, vendre, distribuer, \u00e9mettre, publier et communiquer sous quelque forme que ce soit les donn\u00e9es ou les \u0153uvres prot\u00e9g\u00e9es par le droit d&rsquo;auteur qui figure sur le site de\u00a0<strong>YB Startup<\/strong>\u00a0sans autorisation \u00e9crite particuli\u00e8re et pr\u00e9alable du d\u00e9tenteur des droits d&rsquo;auteur attach\u00e9s \u00e0 l&rsquo;\u0153uvre ou \u00e0 la donn\u00e9e reproduite.<br \/>\nDans le cadre de certaines de nos rubriques, il peut vous \u00eatre demand\u00e9 de nous communiquer volontairement des informations \u00e0 caract\u00e8re personnel telles que vos nom, adresse et adresse e-mail. Ces informations sont n\u00e9cessaires pour nous permettre de r\u00e9pondre \u00e0 vos commentaires ou demandes de renseignements. Notez bien qu&rsquo;il n&rsquo;est pas dans notre intention de vous adresser spontan\u00e9ment des e-mails, c&rsquo;est-\u00e0-dire sans que vous n&rsquo;ayez sollicit\u00e9 une r\u00e9ponse de notre part.<br \/>\nChaque visiteur de ce Site qui fournit des informations \u00e0 la soci\u00e9t\u00e9\u00a0<strong>YB Startup<\/strong>\u00a0consent \u00e0 celle-ci l&rsquo;int\u00e9gralit\u00e9 des droits transf\u00e9rables relatifs \u00e0 ces informations et l&rsquo;autorise \u00e0 en faire l&rsquo;usage qui lui plaira. Les informations ainsi fournies par les visiteurs seront consid\u00e9r\u00e9es comme non confidentielles, et devront \u00eatre exactes, licites et ne pas nuire aux int\u00e9r\u00eats des tiers. Enfin, ce Site a fait l&rsquo;objet d&rsquo;une d\u00e9claration \u00e0 la Commission Nationale de l&rsquo;Informatique et des Libert\u00e9s, en application des dispositions de la loi fran\u00e7aise du 6 janvier 1978. Toute personne cit\u00e9e sur une page de ce Site peut exercer ses droits d&rsquo;acc\u00e8s, de modification, de rectification ou de suppression des informations la concernant \u00e0 l&rsquo;adresse suivante :<br \/>\ncontact@ybstartup.com[\/et_pb_text][\/et_pb_column][\/et_pb_row][\/et_pb_section][et_pb_section fb_built=\u00a0\u00bb1&Prime; admin_label=\u00a0\u00bbFooter\u00a0\u00bb _builder_version=\u00a0\u00bb4.19.4&Prime; _module_preset=\u00a0\u00bbdefault\u00a0\u00bb background_color=\u00a0\u00bb#05090c\u00a0\u00bb hover_enabled=\u00a0\u00bb0&Prime; saved_tabs=\u00a0\u00bball\u00a0\u00bb locked=\u00a0\u00bboff\u00a0\u00bb global_colors_info=\u00a0\u00bb{}\u00a0\u00bb custom_padding=\u00a0\u00bb||3px|||\u00a0\u00bb scroll_fade_enable=\u00a0\u00bbon\u00a0\u00bb scroll_fade=\u00a0\u00bb0|45|45|100|0|100|100&Prime; sticky_enabled=\u00a0\u00bb0&Prime;][et_pb_row column_structure=\u00a0\u00bb1_3,1_3,1_3&Prime; use_custom_gutter=\u00a0\u00bbon\u00a0\u00bb gutter_width=\u00a0\u00bb2&Prime; _builder_version=\u00a0\u00bb4.17.6&Prime; _module_preset=\u00a0\u00bbdefault\u00a0\u00bb custom_padding=\u00a0\u00bb||4px|||\u00a0\u00bb global_colors_info=\u00a0\u00bb{}\u00a0\u00bb][et_pb_column type=\u00a0\u00bb1_3&Prime; _builder_version=\u00a0\u00bb4.17.6&Prime; _module_preset=\u00a0\u00bbdefault\u00a0\u00bb global_colors_info=\u00a0\u00bb{}\u00a0\u00bb][et_pb_image src=\u00a0\u00bbhttps:\/\/ybstartup.com\/wp-content\/uploads\/2022\/09\/Logo_YBStartup_monochrome-blanc.png\u00a0\u00bb title_text=\u00a0\u00bbLogo_YBStartup_monochrome-blanc\u00a0\u00bb url=\u00a0\u00bbhttp:\/\/www.ybstartup.com\u00a0\u00bb align=\u00a0\u00bbcenter\u00a0\u00bb _builder_version=\u00a0\u00bb4.19.4&Prime; _module_preset=\u00a0\u00bbdefault\u00a0\u00bb width=\u00a0\u00bb40%\u00a0\u00bb custom_margin=\u00a0\u00bb-23px||||false|false\u00a0\u00bb global_colors_info=\u00a0\u00bb{}\u00a0\u00bb][\/et_pb_image][\/et_pb_column][et_pb_column type=\u00a0\u00bb1_3&Prime; _builder_version=\u00a0\u00bb4.16&Prime; _module_preset=\u00a0\u00bbdefault\u00a0\u00bb global_colors_info=\u00a0\u00bb{}\u00a0\u00bb][et_pb_divider color=\u00a0\u00bb#FFFFFF\u00a0\u00bb divider_weight=\u00a0\u00bb2px\u00a0\u00bb _builder_version=\u00a0\u00bb4.17.6&Prime; _module_preset=\u00a0\u00bbdefault\u00a0\u00bb width=\u00a0\u00bb21%\u00a0\u00bb global_colors_info=\u00a0\u00bb{}\u00a0\u00bb][\/et_pb_divider][et_pb_text _builder_version=\u00a0\u00bb4.19.4&Prime; _module_preset=\u00a0\u00bbdefault\u00a0\u00bb text_font=\u00a0\u00bbMontserrat||||||||\u00a0\u00bb text_text_color=\u00a0\u00bb#FFFFFF\u00a0\u00bb module_alignment=\u00a0\u00bbcenter\u00a0\u00bb min_height=\u00a0\u00bb48.8px\u00a0\u00bb custom_margin=\u00a0\u00bb-26px|||||\u00a0\u00bb global_colors_info=\u00a0\u00bb{}\u00a0\u00bb]<\/p>\n<p><a href=\"http:\/\/www.ybstartup.com\/a-propos\/\" style=\"text-decoration: none; color: white;\" rel=\"noopener\">A propos<\/a><br \/><a href=\"http:\/\/www.ybstartup.com\/programme\/\" style=\"text-decoration: none; color: white;\" rel=\"noopener\">Programme<\/a><br \/><a href=\"http:\/\/www.ybstartup.com\/contact\/\" style=\"text-decoration: none; color: white;\" rel=\"noopener\">Postuler<\/a><\/p>\n<p>[\/et_pb_text][et_pb_text _builder_version=\u00a0\u00bb4.19.4&Prime; _module_preset=\u00a0\u00bbdefault\u00a0\u00bb width=\u00a0\u00bb40%\u00a0\u00bb module_alignment=\u00a0\u00bbleft\u00a0\u00bb global_colors_info=\u00a0\u00bb{}\u00a0\u00bb]<\/p>\n<div style=\"display: flex;\">\n<p><a href=\"https:\/\/www.linkedin.com\/showcase\/yb-startup\/\" target=\"_blank\" rel=\"noopener\"><img loading=\"lazy\" decoding=\"async\" src=\"https:\/\/ybstartup.com\/wp-content\/uploads\/2022\/08\/linkedin_white.png\" width=\"36\" height=\"36\" alt=\"\" class=\"wp-image-216 alignnone size-full\" \/><\/a><\/p>\n<\/div>\n<p>[\/et_pb_text][\/et_pb_column][et_pb_column type=\u00a0\u00bb1_3&Prime; _builder_version=\u00a0\u00bb4.16&Prime; _module_preset=\u00a0\u00bbdefault\u00a0\u00bb global_colors_info=\u00a0\u00bb{}\u00a0\u00bb][et_pb_divider color=\u00a0\u00bb#FFFFFF\u00a0\u00bb divider_weight=\u00a0\u00bb2px\u00a0\u00bb _builder_version=\u00a0\u00bb4.17.6&Prime; _module_preset=\u00a0\u00bbdefault\u00a0\u00bb width=\u00a0\u00bb21%\u00a0\u00bb global_colors_info=\u00a0\u00bb{}\u00a0\u00bb][\/et_pb_divider][et_pb_text _builder_version=\u00a0\u00bb4.19.4&Prime; _module_preset=\u00a0\u00bbdefault\u00a0\u00bb text_font=\u00a0\u00bbMontserrat||||||||\u00a0\u00bb text_text_color=\u00a0\u00bb#FFFFFF\u00a0\u00bb min_height=\u00a0\u00bb48.8px\u00a0\u00bb custom_margin=\u00a0\u00bb-26px|||||\u00a0\u00bb global_colors_info=\u00a0\u00bb{}\u00a0\u00bb]<a href=\"http:\/\/www.sasyb.com\/\" style=\"text-decoration: none; color: white;\" rel=\"noopener\">Holding YB<\/a><br \/>\n<a href=\"https:\/\/swisstools.fr\/\" style=\"text-decoration: none; color: white;\" rel=\"noopener\">Swisstools<\/a>[\/et_pb_text][\/et_pb_column][\/et_pb_row][et_pb_row _builder_version=\u00a0\u00bb4.19.4&Prime; _module_preset=\u00a0\u00bbdefault\u00a0\u00bb custom_padding=\u00a0\u00bb80px|||||\u00a0\u00bb locked=\u00a0\u00bboff\u00a0\u00bb][et_pb_column _builder_version=\u00a0\u00bb4.19.4&Prime; _module_preset=\u00a0\u00bbdefault\u00a0\u00bb type=\u00a0\u00bb4_4&Prime; theme_builder_area=\u00a0\u00bbpost_content\u00a0\u00bb][et_pb_text _builder_version=\u00a0\u00bb4.19.4&Prime; _module_preset=\u00a0\u00bbdefault\u00a0\u00bb hover_enabled=\u00a0\u00bb0&Prime; sticky_enabled=\u00a0\u00bb0&Prime; text_font=\u00a0\u00bbMontserrat|300|||||||\u00a0\u00bb text_text_color=\u00a0\u00bb#FFFFFF\u00a0\u00bb text_orientation=\u00a0\u00bbcenter\u00a0\u00bb text_font_size=\u00a0\u00bb12px\u00a0\u00bb theme_builder_area=\u00a0\u00bbpost_content\u00a0\u00bb]<a href=\"&quot;https:\/\/www.ybstartup.com\/mentions-legales\/\" style=\"color: #fff; text-decoration: none;\">Mentions l\u00e9gales <\/a> | <a href=\"https:\/\/www.ybstartup.com\/donnees-personnelles\/\" style=\"color: #fff; text-decoration: none;\">Donn\u00e9es personnelles<\/a>[\/et_pb_text][\/et_pb_column][\/et_pb_row][\/et_pb_section]<\/p>\n","protected":false},"excerpt":{"rendered":"<p>Mentions l\u00e9galesRepr\u00e9sentant l\u00e9gal : YB Startup Raison sociale : YB Startup SA Adresse si\u00e8ge :c\/o RSM Switzerland AGBoulevard du Pont-d&rsquo;Arve 281205 Gen\u00e8veSUISSE Forme juridique : SACapital social : 100 000 CHFNumero RC : CHE-131.101.318 &nbsp;Pour toute question, vous pouvez nous contacter via : Adresse si\u00e8ge : c\/o RSM Switzerland AGBoulevard du Pont-d&rsquo;Arve 281205 Gen\u00e8veSUISSE Email [&hellip;]<\/p>\n","protected":false},"author":1,"featured_media":0,"parent":0,"menu_order":0,"comment_status":"closed","ping_status":"closed","template":"","meta":{"_et_pb_use_builder":"on","_et_pb_old_content":"","_et_gb_content_width":"","footnotes":""},"class_list":["post-1424","page","type-page","status-publish","hentry"],"yoast_head":"<!-- This site is optimized with the Yoast SEO plugin v25.3.1 - https:\/\/yoast.com\/wordpress\/plugins\/seo\/ -->\n<title>Mentions l\u00e9gales - YB Startup<\/title>\n<meta name=\"robots\" content=\"index, follow, max-snippet:-1, max-image-preview:large, max-video-preview:-1\" \/>\n<link rel=\"canonical\" href=\"https:\/\/ybstartup.com\/fr\/mentions-legales\/\" \/>\n<meta property=\"og:locale\" content=\"fr_FR\" \/>\n<meta property=\"og:type\" content=\"article\" \/>\n<meta property=\"og:title\" content=\"Mentions l\u00e9gales - YB Startup\" \/>\n<meta property=\"og:description\" content=\"Mentions l\u00e9galesRepr\u00e9sentant l\u00e9gal : YB Startup Raison sociale : YB Startup SA Adresse si\u00e8ge :c\/o RSM Switzerland AGBoulevard du Pont-d&#039;Arve 281205 Gen\u00e8veSUISSE Forme juridique : SACapital social : 100 000 CHFNumero RC : CHE-131.101.318 &nbsp;Pour toute question, vous pouvez nous contacter via : Adresse si\u00e8ge : c\/o RSM Switzerland AGBoulevard du Pont-d&#039;Arve 281205 Gen\u00e8veSUISSE Email [&hellip;]\" \/>\n<meta property=\"og:url\" content=\"https:\/\/ybstartup.com\/fr\/mentions-legales\/\" \/>\n<meta property=\"og:site_name\" content=\"YB Startup\" \/>\n<meta property=\"article:modified_time\" content=\"2023-02-11T07:36:37+00:00\" \/>\n<meta property=\"og:image\" content=\"https:\/\/ybstartup.com\/wp-content\/uploads\/2022\/08\/linkedin_white.png\" \/>\n<meta name=\"twitter:card\" content=\"summary_large_image\" \/>\n<script type=\"application\/ld+json\" class=\"yoast-schema-graph\">{\"@context\":\"https:\/\/schema.org\",\"@graph\":[{\"@type\":\"WebPage\",\"@id\":\"https:\/\/ybstartup.com\/fr\/mentions-legales\/\",\"url\":\"https:\/\/ybstartup.com\/fr\/mentions-legales\/\",\"name\":\"Mentions l\u00e9gales - YB Startup\",\"isPartOf\":{\"@id\":\"https:\/\/ybstartup.com\/fr\/#website\"},\"primaryImageOfPage\":{\"@id\":\"https:\/\/ybstartup.com\/fr\/mentions-legales\/#primaryimage\"},\"image\":{\"@id\":\"https:\/\/ybstartup.com\/fr\/mentions-legales\/#primaryimage\"},\"thumbnailUrl\":\"https:\/\/ybstartup.com\/wp-content\/uploads\/2022\/08\/linkedin_white.png\",\"datePublished\":\"2023-02-09T10:10:53+00:00\",\"dateModified\":\"2023-02-11T07:36:37+00:00\",\"breadcrumb\":{\"@id\":\"https:\/\/ybstartup.com\/fr\/mentions-legales\/#breadcrumb\"},\"inLanguage\":\"fr-FR\",\"potentialAction\":[{\"@type\":\"ReadAction\",\"target\":[\"https:\/\/ybstartup.com\/fr\/mentions-legales\/\"]}]},{\"@type\":\"ImageObject\",\"inLanguage\":\"fr-FR\",\"@id\":\"https:\/\/ybstartup.com\/fr\/mentions-legales\/#primaryimage\",\"url\":\"https:\/\/ybstartup.com\/wp-content\/uploads\/2022\/08\/linkedin_white.png\",\"contentUrl\":\"https:\/\/ybstartup.com\/wp-content\/uploads\/2022\/08\/linkedin_white.png\"},{\"@type\":\"BreadcrumbList\",\"@id\":\"https:\/\/ybstartup.com\/fr\/mentions-legales\/#breadcrumb\",\"itemListElement\":[{\"@type\":\"ListItem\",\"position\":1,\"name\":\"Accueil\",\"item\":\"https:\/\/ybstartup.com\/fr\/\"},{\"@type\":\"ListItem\",\"position\":2,\"name\":\"Mentions l\u00e9gales\"}]},{\"@type\":\"WebSite\",\"@id\":\"https:\/\/ybstartup.com\/fr\/#website\",\"url\":\"https:\/\/ybstartup.com\/fr\/\",\"name\":\"YB Startup\",\"description\":\"Acc\u00e9l\u00e9rateur de projets d&#039;avenir\",\"potentialAction\":[{\"@type\":\"SearchAction\",\"target\":{\"@type\":\"EntryPoint\",\"urlTemplate\":\"https:\/\/ybstartup.com\/fr\/?s={search_term_string}\"},\"query-input\":{\"@type\":\"PropertyValueSpecification\",\"valueRequired\":true,\"valueName\":\"search_term_string\"}}],\"inLanguage\":\"fr-FR\"}]}<\/script>\n<!-- \/ Yoast SEO plugin. -->","yoast_head_json":{"title":"Mentions l\u00e9gales - YB Startup","robots":{"index":"index","follow":"follow","max-snippet":"max-snippet:-1","max-image-preview":"max-image-preview:large","max-video-preview":"max-video-preview:-1"},"canonical":"https:\/\/ybstartup.com\/fr\/mentions-legales\/","og_locale":"fr_FR","og_type":"article","og_title":"Mentions l\u00e9gales - YB Startup","og_description":"Mentions l\u00e9galesRepr\u00e9sentant l\u00e9gal : YB Startup Raison sociale : YB Startup SA Adresse si\u00e8ge :c\/o RSM Switzerland AGBoulevard du Pont-d'Arve 281205 Gen\u00e8veSUISSE Forme juridique : SACapital social : 100 000 CHFNumero RC : CHE-131.101.318 &nbsp;Pour toute question, vous pouvez nous contacter via : Adresse si\u00e8ge : c\/o RSM Switzerland AGBoulevard du Pont-d'Arve 281205 Gen\u00e8veSUISSE Email [&hellip;]","og_url":"https:\/\/ybstartup.com\/fr\/mentions-legales\/","og_site_name":"YB Startup","article_modified_time":"2023-02-11T07:36:37+00:00","og_image":[{"url":"https:\/\/ybstartup.com\/wp-content\/uploads\/2022\/08\/linkedin_white.png","type":"","width":"","height":""}],"twitter_card":"summary_large_image","schema":{"@context":"https:\/\/schema.org","@graph":[{"@type":"WebPage","@id":"https:\/\/ybstartup.com\/fr\/mentions-legales\/","url":"https:\/\/ybstartup.com\/fr\/mentions-legales\/","name":"Mentions l\u00e9gales - YB Startup","isPartOf":{"@id":"https:\/\/ybstartup.com\/fr\/#website"},"primaryImageOfPage":{"@id":"https:\/\/ybstartup.com\/fr\/mentions-legales\/#primaryimage"},"image":{"@id":"https:\/\/ybstartup.com\/fr\/mentions-legales\/#primaryimage"},"thumbnailUrl":"https:\/\/ybstartup.com\/wp-content\/uploads\/2022\/08\/linkedin_white.png","datePublished":"2023-02-09T10:10:53+00:00","dateModified":"2023-02-11T07:36:37+00:00","breadcrumb":{"@id":"https:\/\/ybstartup.com\/fr\/mentions-legales\/#breadcrumb"},"inLanguage":"fr-FR","potentialAction":[{"@type":"ReadAction","target":["https:\/\/ybstartup.com\/fr\/mentions-legales\/"]}]},{"@type":"ImageObject","inLanguage":"fr-FR","@id":"https:\/\/ybstartup.com\/fr\/mentions-legales\/#primaryimage","url":"https:\/\/ybstartup.com\/wp-content\/uploads\/2022\/08\/linkedin_white.png","contentUrl":"https:\/\/ybstartup.com\/wp-content\/uploads\/2022\/08\/linkedin_white.png"},{"@type":"BreadcrumbList","@id":"https:\/\/ybstartup.com\/fr\/mentions-legales\/#breadcrumb","itemListElement":[{"@type":"ListItem","position":1,"name":"Accueil","item":"https:\/\/ybstartup.com\/fr\/"},{"@type":"ListItem","position":2,"name":"Mentions l\u00e9gales"}]},{"@type":"WebSite","@id":"https:\/\/ybstartup.com\/fr\/#website","url":"https:\/\/ybstartup.com\/fr\/","name":"YB Startup","description":"Acc\u00e9l\u00e9rateur de projets d&#039;avenir","potentialAction":[{"@type":"SearchAction","target":{"@type":"EntryPoint","urlTemplate":"https:\/\/ybstartup.com\/fr\/?s={search_term_string}"},"query-input":{"@type":"PropertyValueSpecification","valueRequired":true,"valueName":"search_term_string"}}],"inLanguage":"fr-FR"}]}},"_links":{"self":[{"href":"https:\/\/ybstartup.com\/fr\/wp-json\/wp\/v2\/pages\/1424","targetHints":{"allow":["GET"]}}],"collection":[{"href":"https:\/\/ybstartup.com\/fr\/wp-json\/wp\/v2\/pages"}],"about":[{"href":"https:\/\/ybstartup.com\/fr\/wp-json\/wp\/v2\/types\/page"}],"author":[{"embeddable":true,"href":"https:\/\/ybstartup.com\/fr\/wp-json\/wp\/v2\/users\/1"}],"replies":[{"embeddable":true,"href":"https:\/\/ybstartup.com\/fr\/wp-json\/wp\/v2\/comments?post=1424"}],"version-history":[{"count":10,"href":"https:\/\/ybstartup.com\/fr\/wp-json\/wp\/v2\/pages\/1424\/revisions"}],"predecessor-version":[{"id":1807,"href":"https:\/\/ybstartup.com\/fr\/wp-json\/wp\/v2\/pages\/1424\/revisions\/1807"}],"wp:attachment":[{"href":"https:\/\/ybstartup.com\/fr\/wp-json\/wp\/v2\/media?parent=1424"}],"curies":[{"name":"wp","href":"https:\/\/api.w.org\/{rel}","templated":true}]}}